{"id":9,"date":"2025-04-01T03:48:18","date_gmt":"2025-04-01T03:48:18","guid":{"rendered":"http:\/\/localhost\/eomanga\/index.php\/gio-hang\/"},"modified":"2025-04-01T09:33:53","modified_gmt":"2025-04-01T09:33:53","slug":"gio-hang","status":"publish","type":"page","link":"https:\/\/eomanga.id.vn\/index.php\/gio-hang\/","title":{"rendered":"Gi\u1ecf h\u00e0ng"},"content":{"rendered":"\n<div data-block-name=\"woocommerce\/cart\" class=\"wp-block-woocommerce-cart alignwide is-loading\">\n<div data-block-name=\"woocommerce\/filled-cart-block\" class=\"wp-block-woocommerce-filled-cart-block\">\n<div data-block-name=\"woocommerce\/cart-items-block\" class=\"wp-block-woocommerce-cart-items-block\">\n<div data-block-name=\"woocommerce\/cart-line-items-block\" class=\"wp-block-woocommerce-cart-line-items-block\"><\/div>\n\n\n\n<div data-block-name=\"woocommerce\/cart-cross-sells-block\" class=\"wp-block-woocommerce-cart-cross-sells-block\">\n<h2 class=\"wp-block-heading has-large-font-size\">B\u1ea1n c\u00f3 th\u1ec3 quan t\u00e2m \u0111\u1ebfn\u2026<\/h2>\n\n\n\n<div data-block-name=\"woocommerce\/cart-cross-sells-products-block\" class=\"wp-block-woocommerce-cart-cross-sells-products-block\"><\/div>\n<\/div>\n<\/div>\n\n\n\n<div data-block-name=\"woocommerce\/cart-totals-block\" class=\"wp-block-woocommerce-cart-totals-block\">\n<div data-block-name=\"woocommerce\/cart-order-summary-block\" class=\"wp-block-woocommerce-cart-order-summary-block\">\n<div data-block-name=\"woocommerce\/cart-order-summary-heading-block\" class=\"wp-block-woocommerce-cart-order-summary-heading-block\"><\/div><div data-block-name=\"woocommerce\/cart-order-summary-coupon-form-block\" class=\"wp-block-woocommerce-cart-order-summary-coupon-form-block\"><\/div><div data-block-name=\"woocommerce\/cart-order-summary-totals-block\" class=\"wp-block-woocommerce-cart-order-summary-totals-block\">\n<div data-block-name=\"woocommerce\/cart-order-summary-subtotal-block\" class=\"wp-block-woocommerce-cart-order-summary-subtotal-block\"><\/div>\n<div data-block-name=\"woocommerce\/cart-order-summary-discount-block\" class=\"wp-block-woocommerce-cart-order-summary-discount-block\"><\/div>\n<div data-block-name=\"woocommerce\/cart-order-summary-fee-block\" class=\"wp-block-woocommerce-cart-order-summary-fee-block\"><\/div>\n<div data-block-name=\"woocommerce\/cart-order-summary-shipping-block\" class=\"wp-block-woocommerce-cart-order-summary-shipping-block\"><\/div>\n<div data-block-name=\"woocommerce\/cart-order-summary-taxes-block\" class=\"wp-block-woocommerce-cart-order-summary-taxes-block\"><\/div><\/div>\n<\/div>\n\n\n\n<div data-block-name=\"woocommerce\/cart-express-payment-block\" class=\"wp-block-woocommerce-cart-express-payment-block\"><\/div>\n\n\n\n<div data-block-name=\"woocommerce\/proceed-to-checkout-block\" class=\"wp-block-woocommerce-proceed-to-checkout-block\"><\/div>\n\n\n\n<div data-block-name=\"woocommerce\/cart-accepted-payment-methods-block\" class=\"wp-block-woocommerce-cart-accepted-payment-methods-block\"><\/div>\n<\/div>\n<\/div>\n\n\n\n<div data-block-name=\"woocommerce\/empty-cart-block\" class=\"wp-block-woocommerce-empty-cart-block\">\n<h2 class=\"wp-block-heading has-text-align-center with-empty-cart-icon wc-block-cart__empty-cart__title\">Gi\u1ecf h\u00e0ng hi\u1ec7n t\u1ea1i ch\u01b0a c\u00f3 s\u1ea3n ph\u1ea9m n\u00e0o!<\/h2>\n\n\n\n<hr class=\"wp-block-separator has-alpha-channel-opacity is-style-dots\"\/>\n\n\n\n<h2 class=\"wp-block-heading has-text-align-center\">M\u1edbi trong c\u1eeda h\u00e0ng<\/h2>\n\n\n<div data-block-name=\"woocommerce\/product-new\" data-columns=\"4\" data-rows=\"1\" class=\"wc-block-grid wp-block-product-new wp-block-woocommerce-product-new wc-block-product-new has-4-columns\"><ul class=\"wc-block-grid__products\"><li class=\"wc-block-grid__product\">\n\t\t\t\t<a href=\"https:\/\/eomanga.id.vn\/index.php\/san-pham\/kurumi-date-a-live-taito\/\" class=\"wc-block-grid__product-link\">\n\t\t\t\t\t\n\t\t\t\t\t<div class=\"wc-block-grid__product-image\"><img loading=\"lazy\" decoding=\"async\" width=\"324\" height=\"324\" src=\"https:\/\/eomanga.id.vn\/wp-content\/uploads\/2025\/08\/619A8jKcxwL-324x324.jpg\" class=\"attachment-woocommerce_thumbnail size-woocommerce_thumbnail\" alt=\"Kurumi-Date A Live-Taito-M\u00f4 h\u00ecnh ch\u00ednh h\u00e3ng\" srcset=\"https:\/\/eomanga.id.vn\/wp-content\/uploads\/2025\/08\/619A8jKcxwL-324x324.jpg 324w, https:\/\/eomanga.id.vn\/wp-content\/uploads\/2025\/08\/619A8jKcxwL-300x300.jpg 300w, https:\/\/eomanga.id.vn\/wp-content\/uploads\/2025\/08\/619A8jKcxwL-1024x1024.jpg 1024w, https:\/\/eomanga.id.vn\/wp-content\/uploads\/2025\/08\/619A8jKcxwL-150x150.jpg 150w, https:\/\/eomanga.id.vn\/wp-content\/uploads\/2025\/08\/619A8jKcxwL-768x768.jpg 768w, https:\/\/eomanga.id.vn\/wp-content\/uploads\/2025\/08\/619A8jKcxwL-1536x1536.jpg 1536w, https:\/\/eomanga.id.vn\/wp-content\/uploads\/2025\/08\/619A8jKcxwL-416x416.jpg 416w, https:\/\/eomanga.id.vn\/wp-content\/uploads\/2025\/08\/619A8jKcxwL-100x100.jpg 100w, https:\/\/eomanga.id.vn\/wp-content\/uploads\/2025\/08\/619A8jKcxwL.jpg 2000w\" sizes=\"auto, (max-width: 324px) 100vw, 324px\" \/><\/div>\n\t\t\t\t\t<div class=\"wc-block-grid__product-title\">Kurumi-Date A Live-Taito-M\u00f4 h\u00ecnh ch\u00ednh h\u00e3ng<\/div>\n\t\t\t\t<\/a>\n\t\t\t\t<div class=\"wc-block-grid__product-price price\"><span class=\"woocommerce-Price-amount amount\">650.000&nbsp;<span class=\"woocommerce-Price-currencySymbol\">&#8363;<\/span><\/span><\/div>\n\t\t\t\t\n\t\t\t\t<div class=\"wp-block-button wc-block-grid__product-add-to-cart\"><a href=\"\/index.php\/wp-json\/wp\/v2\/pages\/9?add-to-cart=663\" aria-label=\"Th\u00eam v\u00e0o gi\u1ecf h\u00e0ng: &ldquo;Kurumi-Date A Live-Taito-M\u00f4 h\u00ecnh ch\u00ednh h\u00e3ng&rdquo;\" data-quantity=\"1\" data-product_id=\"663\" data-product_sku=\"\" data-price=\"650000\" rel=\"nofollow\" class=\"wp-block-button__link  add_to_cart_button ajax_add_to_cart\">Th\u00eam v\u00e0o gi\u1ecf h\u00e0ng<\/a><\/div>\n\t\t\t<\/li><li class=\"wc-block-grid__product\">\n\t\t\t\t<a href=\"https:\/\/eomanga.id.vn\/index.php\/san-pham\/yasopp-film-red\/\" class=\"wc-block-grid__product-link\">\n\t\t\t\t\t\n\t\t\t\t\t<div class=\"wc-block-grid__product-image\"><img loading=\"lazy\" decoding=\"async\" width=\"324\" height=\"324\" src=\"https:\/\/eomanga.id.vn\/wp-content\/uploads\/2025\/06\/71xXQuTnbNL-324x324.jpg\" class=\"attachment-woocommerce_thumbnail size-woocommerce_thumbnail\" alt=\"Yasopp-Film Red-Banpresto-Bandai-M\u00f4 h\u00ecnh ch\u00ednh h\u00e3ng-One Piece\" srcset=\"https:\/\/eomanga.id.vn\/wp-content\/uploads\/2025\/06\/71xXQuTnbNL-324x324.jpg 324w, https:\/\/eomanga.id.vn\/wp-content\/uploads\/2025\/06\/71xXQuTnbNL-300x300.jpg 300w, https:\/\/eomanga.id.vn\/wp-content\/uploads\/2025\/06\/71xXQuTnbNL-1024x1024.jpg 1024w, https:\/\/eomanga.id.vn\/wp-content\/uploads\/2025\/06\/71xXQuTnbNL-150x150.jpg 150w, https:\/\/eomanga.id.vn\/wp-content\/uploads\/2025\/06\/71xXQuTnbNL-768x768.jpg 768w, https:\/\/eomanga.id.vn\/wp-content\/uploads\/2025\/06\/71xXQuTnbNL-1536x1536.jpg 1536w, https:\/\/eomanga.id.vn\/wp-content\/uploads\/2025\/06\/71xXQuTnbNL-2048x2048.jpg 2048w, https:\/\/eomanga.id.vn\/wp-content\/uploads\/2025\/06\/71xXQuTnbNL-416x416.jpg 416w, https:\/\/eomanga.id.vn\/wp-content\/uploads\/2025\/06\/71xXQuTnbNL-100x100.jpg 100w\" sizes=\"auto, (max-width: 324px) 100vw, 324px\" \/><\/div>\n\t\t\t\t\t<div class=\"wc-block-grid__product-title\">Yasopp-Film Red-Banpresto-Bandai-M\u00f4 h\u00ecnh ch\u00ednh h\u00e3ng-One Piece<\/div>\n\t\t\t\t<\/a>\n\t\t\t\t<div class=\"wc-block-grid__product-price price\"><span class=\"woocommerce-Price-amount amount\">450.000&nbsp;<span class=\"woocommerce-Price-currencySymbol\">&#8363;<\/span><\/span><\/div>\n\t\t\t\t\n\t\t\t\t<div class=\"wp-block-button wc-block-grid__product-add-to-cart\"><a href=\"\/index.php\/wp-json\/wp\/v2\/pages\/9?add-to-cart=655\" aria-label=\"Th\u00eam v\u00e0o gi\u1ecf h\u00e0ng: &ldquo;Yasopp-Film Red-Banpresto-Bandai-M\u00f4 h\u00ecnh ch\u00ednh h\u00e3ng-One Piece&rdquo;\" data-quantity=\"1\" data-product_id=\"655\" data-product_sku=\"\" data-price=\"450000\" rel=\"nofollow\" class=\"wp-block-button__link  add_to_cart_button ajax_add_to_cart\">Th\u00eam v\u00e0o gi\u1ecf h\u00e0ng<\/a><\/div>\n\t\t\t<\/li><li class=\"wc-block-grid__product\">\n\t\t\t\t<a href=\"https:\/\/eomanga.id.vn\/index.php\/san-pham\/trafalgar-law-dxf\/\" class=\"wc-block-grid__product-link\">\n\t\t\t\t\t\n\t\t\t\t\t<div class=\"wc-block-grid__product-image\"><img loading=\"lazy\" decoding=\"async\" width=\"324\" height=\"324\" src=\"https:\/\/eomanga.id.vn\/wp-content\/uploads\/2025\/06\/0_3f8e3877-7d07-4348-b7ac-20e10eec9387-1-324x324.webp\" class=\"attachment-woocommerce_thumbnail size-woocommerce_thumbnail\" alt=\"Trafalgar Law-DXF Figure The Grandline Series-Extra-Bandai-M\u00f4 h\u00ecnh ch\u00ednh h\u00e3ng-One Piece\" srcset=\"https:\/\/eomanga.id.vn\/wp-content\/uploads\/2025\/06\/0_3f8e3877-7d07-4348-b7ac-20e10eec9387-1-324x324.webp 324w, https:\/\/eomanga.id.vn\/wp-content\/uploads\/2025\/06\/0_3f8e3877-7d07-4348-b7ac-20e10eec9387-1-300x300.webp 300w, https:\/\/eomanga.id.vn\/wp-content\/uploads\/2025\/06\/0_3f8e3877-7d07-4348-b7ac-20e10eec9387-1-150x150.webp 150w, https:\/\/eomanga.id.vn\/wp-content\/uploads\/2025\/06\/0_3f8e3877-7d07-4348-b7ac-20e10eec9387-1-416x416.webp 416w, https:\/\/eomanga.id.vn\/wp-content\/uploads\/2025\/06\/0_3f8e3877-7d07-4348-b7ac-20e10eec9387-1-100x100.webp 100w, https:\/\/eomanga.id.vn\/wp-content\/uploads\/2025\/06\/0_3f8e3877-7d07-4348-b7ac-20e10eec9387-1.webp 600w\" sizes=\"auto, (max-width: 324px) 100vw, 324px\" \/><\/div>\n\t\t\t\t\t<div class=\"wc-block-grid__product-title\">Trafalgar Law-DXF Figure The Grandline Series-Extra-Bandai-M\u00f4 h\u00ecnh ch\u00ednh h\u00e3ng-One Piece<\/div>\n\t\t\t\t<\/a>\n\t\t\t\t<div class=\"wc-block-grid__product-price price\"><span class=\"woocommerce-Price-amount amount\">450.000&nbsp;<span class=\"woocommerce-Price-currencySymbol\">&#8363;<\/span><\/span><\/div>\n\t\t\t\t\n\t\t\t\t<div class=\"wp-block-button wc-block-grid__product-add-to-cart\"><a href=\"\/index.php\/wp-json\/wp\/v2\/pages\/9?add-to-cart=646\" aria-label=\"Th\u00eam v\u00e0o gi\u1ecf h\u00e0ng: &ldquo;Trafalgar Law-DXF Figure The Grandline Series-Extra-Bandai-M\u00f4 h\u00ecnh ch\u00ednh h\u00e3ng-One Piece&rdquo;\" data-quantity=\"1\" data-product_id=\"646\" data-product_sku=\"\" data-price=\"450000\" rel=\"nofollow\" class=\"wp-block-button__link  add_to_cart_button ajax_add_to_cart\">Th\u00eam v\u00e0o gi\u1ecf h\u00e0ng<\/a><\/div>\n\t\t\t<\/li><li class=\"wc-block-grid__product\">\n\t\t\t\t<a href=\"https:\/\/eomanga.id.vn\/index.php\/san-pham\/eustass-kid-dxf\/\" class=\"wc-block-grid__product-link\">\n\t\t\t\t\t\n\t\t\t\t\t<div class=\"wc-block-grid__product-image\"><img loading=\"lazy\" decoding=\"async\" width=\"324\" height=\"324\" src=\"https:\/\/eomanga.id.vn\/wp-content\/uploads\/2025\/06\/screen_shot_2023-12-12_at_11-324x324.webp\" class=\"attachment-woocommerce_thumbnail size-woocommerce_thumbnail\" alt=\"Eustass Kid-DXF Figure The Grandline Series - Extra-Bandai-M\u00f4 h\u00ecnh ch\u00ednh h\u00e3ng-One Piece\" srcset=\"https:\/\/eomanga.id.vn\/wp-content\/uploads\/2025\/06\/screen_shot_2023-12-12_at_11-324x324.webp 324w, https:\/\/eomanga.id.vn\/wp-content\/uploads\/2025\/06\/screen_shot_2023-12-12_at_11-300x300.webp 300w, https:\/\/eomanga.id.vn\/wp-content\/uploads\/2025\/06\/screen_shot_2023-12-12_at_11-150x150.webp 150w, https:\/\/eomanga.id.vn\/wp-content\/uploads\/2025\/06\/screen_shot_2023-12-12_at_11-416x417.webp 416w, https:\/\/eomanga.id.vn\/wp-content\/uploads\/2025\/06\/screen_shot_2023-12-12_at_11-100x100.webp 100w, https:\/\/eomanga.id.vn\/wp-content\/uploads\/2025\/06\/screen_shot_2023-12-12_at_11.webp 479w\" sizes=\"auto, (max-width: 324px) 100vw, 324px\" \/><\/div>\n\t\t\t\t\t<div class=\"wc-block-grid__product-title\">Eustass Kid-DXF Figure The Grandline Series &#8211; Extra-Bandai-M\u00f4 h\u00ecnh ch\u00ednh h\u00e3ng-One Piece<\/div>\n\t\t\t\t<\/a>\n\t\t\t\t<div class=\"wc-block-grid__product-price price\"><span class=\"woocommerce-Price-amount amount\">450.000&nbsp;<span class=\"woocommerce-Price-currencySymbol\">&#8363;<\/span><\/span><\/div>\n\t\t\t\t\n\t\t\t\t<div class=\"wp-block-button wc-block-grid__product-add-to-cart\"><a href=\"\/index.php\/wp-json\/wp\/v2\/pages\/9?add-to-cart=641\" aria-label=\"Th\u00eam v\u00e0o gi\u1ecf h\u00e0ng: &ldquo;Eustass Kid-DXF Figure The Grandline Series - Extra-Bandai-M\u00f4 h\u00ecnh ch\u00ednh h\u00e3ng-One Piece&rdquo;\" data-quantity=\"1\" data-product_id=\"641\" data-product_sku=\"\" data-price=\"450000\" rel=\"nofollow\" class=\"wp-block-button__link  add_to_cart_button ajax_add_to_cart\">Th\u00eam v\u00e0o gi\u1ecf h\u00e0ng<\/a><\/div>\n\t\t\t<\/li><\/ul><\/div><\/div>\n<\/div>\n","protected":false},"excerpt":{"rendered":"","protected":false},"author":1,"featured_media":0,"parent":0,"menu_order":0,"comment_status":"closed","ping_status":"closed","template":"","meta":{"footnotes":""},"class_list":["post-9","page","type-page","status-publish","hentry"],"_links":{"self":[{"href":"https:\/\/eomanga.id.vn\/index.php\/wp-json\/wp\/v2\/pages\/9","targetHints":{"allow":["GET"]}}],"collection":[{"href":"https:\/\/eomanga.id.vn\/index.php\/wp-json\/wp\/v2\/pages"}],"about":[{"href":"https:\/\/eomanga.id.vn\/index.php\/wp-json\/wp\/v2\/types\/page"}],"author":[{"embeddable":true,"href":"https:\/\/eomanga.id.vn\/index.php\/wp-json\/wp\/v2\/users\/1"}],"replies":[{"embeddable":true,"href":"https:\/\/eomanga.id.vn\/index.php\/wp-json\/wp\/v2\/comments?post=9"}],"version-history":[{"count":1,"href":"https:\/\/eomanga.id.vn\/index.php\/wp-json\/wp\/v2\/pages\/9\/revisions"}],"predecessor-version":[{"id":61,"href":"https:\/\/eomanga.id.vn\/index.php\/wp-json\/wp\/v2\/pages\/9\/revisions\/61"}],"wp:attachment":[{"href":"https:\/\/eomanga.id.vn\/index.php\/wp-json\/wp\/v2\/media?parent=9"}],"curies":[{"name":"wp","href":"https:\/\/api.w.org\/{rel}","templated":true}]}}