{"id":573,"date":"2025-04-26T16:10:07","date_gmt":"2025-04-26T09:10:07","guid":{"rendered":"https:\/\/eomanga.id.vn\/?post_type=product&#038;p=573"},"modified":"2025-04-26T16:27:57","modified_gmt":"2025-04-26T09:27:57","slug":"sdw-heroes-gundam-saizo-gundam-delta-kai","status":"publish","type":"product","link":"https:\/\/eomanga.id.vn\/index.php\/san-pham\/sdw-heroes-gundam-saizo-gundam-delta-kai\/","title":{"rendered":"SDW Heroes Gundam- Saizo Gundam Delta Kai- M\u00f4 h\u00ecnh ch\u00ednh h\u00e3ng"},"content":{"rendered":"<p>M\u00f4 h\u00ecnh l\u1eafp gh\u00e9p Gundam- SDW Heroes Gundam- Figure Bandai B\u1ed9 L\u1eafp R\u00e1p \u0110\u00f4\u0300 Ch\u01a1i X\u1ebfp H\u00ecnh Th\u00e1o L\u1eafp Toy l\u00e0 s\u1ea3n ph\u1ea9m m\u1edbi, ch\u00ednh h\u00e3ng v\u00e0 \u0111\u01b0\u1ee3c s\u1ea3n xu\u1ea5t b\u1edfi Bandai. V\u1edbi s\u1ea3n ph\u1ea9m n\u00e0y, ng\u01b0\u1eddi ch\u01a1i c\u00f3 th\u1ec3 t\u1ea1o ra nh\u1eefng m\u00f4 h\u00ecnh Gundam \u0111\u1ed9c \u0111\u00e1o v\u00e0 s\u00e1ng t\u1ea1o.<\/p>\n<p>S\u1ea3n ph\u1ea9m \u0111\u01b0\u1ee3c thi\u1ebft k\u1ebf v\u1edbi \u0111\u1ed9 ch\u00ednh x\u00e1c cao, gi\u00fap ng\u01b0\u1eddi ch\u01a1i c\u00f3 th\u1ec3 t\u1ea1o ra nh\u1eefng chi ti\u1ebft nh\u1ecf v\u00e0 ch\u00ednh x\u00e1c. \u0110i\u1ec1u n\u00e0y gi\u00fap cho m\u00f4 h\u00ecnh Gundam tr\u1edf n\u00ean s\u1ed1ng \u0111\u1ed9ng v\u00e0 ch\u00e2n th\u1ef1c h\u01a1n.<\/p>\n<p>M\u00f4 h\u00ecnh l\u1eafp gh\u00e9p Gundam- SDW Heroes Gundam- Figure Bandai B\u1ed9 L\u1eafp R\u00e1p \u0110\u00f4\u0300 Ch\u01a1i X\u1ebfp H\u00ecnh Th\u00e1o L\u1eafp Toy l\u00e0 m\u1ed9t s\u1ea3n ph\u1ea9m gi\u1ea3i tr\u00ed tuy\u1ec7t v\u1eddi cho nh\u1eefng ng\u01b0\u1eddi y\u00eau th\u00edch Gundam v\u00e0 mu\u1ed1n t\u1ea1o ra nh\u1eefng m\u00f4 h\u00ecnh \u0111\u1ed9c \u0111\u00e1o c\u1ee7a ri\u00eang m\u00ecnh. S\u1ea3n ph\u1ea9m n\u00e0y c\u0169ng l\u00e0 m\u1ed9t m\u00f3n qu\u00e0 \u00fd ngh\u0129a cho nh\u1eefng ng\u01b0\u1eddi y\u00eau th\u00edch Gundam v\u00e0 \u0111am m\u00ea l\u1eafp r\u00e1p.<\/p>\n","protected":false},"excerpt":{"rendered":"<p>M\u00f4 h\u00ecnh l\u1eafp gh\u00e9p Gundam- SDW Heroes Gundam- Figure Bandai B\u1ed9 L\u1eafp R\u00e1p \u0110\u00f4\u0300 Ch\u01a1i X\u1ebfp H\u00ecnh Th\u00e1o L\u1eafp Toy l\u00e0 m\u1ed9t s\u1ea3n ph\u1ea9m gi\u1ea3i tr\u00ed tuy\u1ec7t v\u1eddi cho nh\u1eefng ng\u01b0\u1eddi y\u00eau th\u00edch Gundam v\u00e0 mu\u1ed1n t\u1ea1o ra nh\u1eefng m\u00f4 h\u00ecnh \u0111\u1ed9c \u0111\u00e1o c\u1ee7a ri\u00eang m\u00ecnh. S\u1ea3n ph\u1ea9m n\u00e0y c\u0169ng l\u00e0 m\u1ed9t m\u00f3n qu\u00e0 \u00fd ngh\u0129a cho nh\u1eefng ng\u01b0\u1eddi y\u00eau th\u00edch Gundam v\u00e0 \u0111am m\u00ea l\u1eafp r\u00e1p<\/p>\n","protected":false},"featured_media":575,"comment_status":"open","ping_status":"closed","template":"","meta":[],"product_brand":[31,40],"product_cat":[37,39],"product_tag":[42,48,41,46,56,44],"class_list":{"0":"post-573","1":"product","2":"type-product","3":"status-publish","4":"has-post-thumbnail","6":"product_brand-bandai","7":"product_brand-gundam-sdw","8":"product_cat-figure-nhat-ban","9":"product_cat-gundam-sdw","10":"product_tag-bandai","11":"product_tag-chinh-hang","12":"product_tag-gundam","13":"product_tag-mo-hinh","14":"product_tag-saizo-gundam-delta-kai","15":"product_tag-sdw","17":"first","18":"instock","19":"sale","20":"shipping-taxable","21":"purchasable","22":"product-type-simple"},"_links":{"self":[{"href":"https:\/\/eomanga.id.vn\/index.php\/wp-json\/wp\/v2\/product\/573","targetHints":{"allow":["GET"]}}],"collection":[{"href":"https:\/\/eomanga.id.vn\/index.php\/wp-json\/wp\/v2\/product"}],"about":[{"href":"https:\/\/eomanga.id.vn\/index.php\/wp-json\/wp\/v2\/types\/product"}],"replies":[{"embeddable":true,"href":"https:\/\/eomanga.id.vn\/index.php\/wp-json\/wp\/v2\/comments?post=573"}],"wp:featuredmedia":[{"embeddable":true,"href":"https:\/\/eomanga.id.vn\/index.php\/wp-json\/wp\/v2\/media\/575"}],"wp:attachment":[{"href":"https:\/\/eomanga.id.vn\/index.php\/wp-json\/wp\/v2\/media?parent=573"}],"wp:term":[{"taxonomy":"product_brand","embeddable":true,"href":"https:\/\/eomanga.id.vn\/index.php\/wp-json\/wp\/v2\/product_brand?post=573"},{"taxonomy":"product_cat","embeddable":true,"href":"https:\/\/eomanga.id.vn\/index.php\/wp-json\/wp\/v2\/product_cat?post=573"},{"taxonomy":"product_tag","embeddable":true,"href":"https:\/\/eomanga.id.vn\/index.php\/wp-json\/wp\/v2\/product_tag?post=573"}],"curies":[{"name":"wp","href":"https:\/\/api.w.org\/{rel}","templated":true}]}}