{"id":599,"date":"2025-05-08T14:29:07","date_gmt":"2025-05-08T07:29:07","guid":{"rendered":"https:\/\/eomanga.id.vn\/?post_type=product&#038;p=599"},"modified":"2025-05-24T11:41:40","modified_gmt":"2025-05-24T04:41:40","slug":"nakano-yotsuba-sega-spm-figure","status":"publish","type":"product","link":"https:\/\/eomanga.id.vn\/index.php\/san-pham\/nakano-yotsuba-sega-spm-figure\/","title":{"rendered":"Nakano Yotsuba-SEGA-SPM FIGURE-Nh\u00e0 c\u00f3 5 n\u00e0ng d\u00e2u-Gotoubun no Hanayome-M\u00f4 h\u00ecnh ch\u00ednh h\u00e3ng"},"content":{"rendered":"<p>TH\u00d4NG TIN S\u1ea2N PH\u1ea8M<br \/>\nNh\u00e2n v\u1eadt: Nakano Yotsuba<br \/>\nTh\u01b0\u01a1ng hi\u1ec7u : SEGA- SPM FIGURE<br \/>\nCh\u1ea5t li\u1ec7u : PVC, ABS<br \/>\nChi\u1ec1u cao: 220mm<\/p>\n","protected":false},"excerpt":{"rendered":"<p>Nh\u00e2n v\u1eadt: Nakano Yotsuba<br \/>\nTh\u01b0\u01a1ng hi\u1ec7u : SEGA- SPM FIGURE<br \/>\nCh\u1ea5t li\u1ec7u : PVC, ABS<br \/>\nChi\u1ec1u cao: 220mm<\/p>\n","protected":false},"featured_media":603,"comment_status":"open","ping_status":"closed","template":"","meta":[],"product_brand":[68,69],"product_cat":[37,61,62],"product_tag":[48,43,65,46,64,67,70,71],"class_list":{"0":"post-599","1":"product","2":"type-product","3":"status-publish","4":"has-post-thumbnail","6":"product_brand-sega","7":"product_brand-spm","8":"product_cat-figure-nhat-ban","9":"product_cat-gotoubun-no-hanayome","10":"product_cat-nakano-yotsuba","11":"product_tag-chinh-hang","12":"product_tag-figure","13":"product_tag-gotoubun-no-hanayome","14":"product_tag-mo-hinh","15":"product_tag-nakano-yotsuba","16":"product_tag-nha-co-5-nang-dau","17":"product_tag-sega","18":"product_tag-spm-figure","20":"first","21":"instock","22":"shipping-taxable","23":"purchasable","24":"product-type-simple"},"_links":{"self":[{"href":"https:\/\/eomanga.id.vn\/index.php\/wp-json\/wp\/v2\/product\/599","targetHints":{"allow":["GET"]}}],"collection":[{"href":"https:\/\/eomanga.id.vn\/index.php\/wp-json\/wp\/v2\/product"}],"about":[{"href":"https:\/\/eomanga.id.vn\/index.php\/wp-json\/wp\/v2\/types\/product"}],"replies":[{"embeddable":true,"href":"https:\/\/eomanga.id.vn\/index.php\/wp-json\/wp\/v2\/comments?post=599"}],"wp:featuredmedia":[{"embeddable":true,"href":"https:\/\/eomanga.id.vn\/index.php\/wp-json\/wp\/v2\/media\/603"}],"wp:attachment":[{"href":"https:\/\/eomanga.id.vn\/index.php\/wp-json\/wp\/v2\/media?parent=599"}],"wp:term":[{"taxonomy":"product_brand","embeddable":true,"href":"https:\/\/eomanga.id.vn\/index.php\/wp-json\/wp\/v2\/product_brand?post=599"},{"taxonomy":"product_cat","embeddable":true,"href":"https:\/\/eomanga.id.vn\/index.php\/wp-json\/wp\/v2\/product_cat?post=599"},{"taxonomy":"product_tag","embeddable":true,"href":"https:\/\/eomanga.id.vn\/index.php\/wp-json\/wp\/v2\/product_tag?post=599"}],"curies":[{"name":"wp","href":"https:\/\/api.w.org\/{rel}","templated":true}]}}