{"id":614,"date":"2025-05-20T16:44:38","date_gmt":"2025-05-20T09:44:38","guid":{"rendered":"http:\/\/eomanga.id.vn\/?post_type=product&#038;p=614"},"modified":"2025-05-24T16:04:49","modified_gmt":"2025-05-24T09:04:49","slug":"gojo-satoru-maximatic-figure","status":"publish","type":"product","link":"https:\/\/eomanga.id.vn\/index.php\/san-pham\/gojo-satoru-maximatic-figure\/","title":{"rendered":"Gojo Satoru-Maximatic Figure-Jujutsu Kaisen-M\u00f4 h\u00ecnh ch\u00ednh h\u00e3ng"},"content":{"rendered":"<p>TH\u00d4NG TIN S\u1ea2N PH\u1ea8M<\/p>\n<p>Nh\u00e2n v\u1eadt: Gojo Satoru<\/p>\n<p>Th\u01b0\u01a1ng hi\u1ec7u : Maximatic<\/p>\n<p>Manga: Jujutsu Kaisen<\/p>\n<p>Ch\u1ea5t li\u1ec7u : PVC, ABS<\/p>\n<p>Chi\u1ec1u cao: 180mm<\/p>\n","protected":false},"excerpt":{"rendered":"<p>TH\u00d4NG TIN S\u1ea2N PH\u1ea8M<\/p>\n<p>Nh\u00e2n v\u1eadt: Gojo Satoru<\/p>\n<p>Th\u01b0\u01a1ng hi\u1ec7u : Maximatic<\/p>\n<p>Manga: Jujutsu Kaisen<\/p>\n<p>Ch\u1ea5t li\u1ec7u : PVC, ABS<\/p>\n<p>Chi\u1ec1u cao: 180mm<\/p>\n","protected":false},"featured_media":617,"comment_status":"open","ping_status":"closed","template":"","meta":[],"product_brand":[74],"product_cat":[27,37,25,28],"product_tag":[42,48,43,34,75,76,46],"class_list":{"0":"post-614","1":"product","2":"type-product","3":"status-publish","4":"has-post-thumbnail","6":"product_brand-maximatic","7":"product_cat-anime","8":"product_cat-figure-nhat-ban","9":"product_cat-gojo-satoru","10":"product_cat-jujutsu-kaisen-anime","11":"product_tag-bandai","12":"product_tag-chinh-hang","13":"product_tag-figure","14":"product_tag-gojo","15":"product_tag-jujutsu-kaisen","16":"product_tag-maximatic","17":"product_tag-mo-hinh","19":"first","20":"outofstock","21":"shipping-taxable","22":"purchasable","23":"product-type-simple"},"_links":{"self":[{"href":"https:\/\/eomanga.id.vn\/index.php\/wp-json\/wp\/v2\/product\/614","targetHints":{"allow":["GET"]}}],"collection":[{"href":"https:\/\/eomanga.id.vn\/index.php\/wp-json\/wp\/v2\/product"}],"about":[{"href":"https:\/\/eomanga.id.vn\/index.php\/wp-json\/wp\/v2\/types\/product"}],"replies":[{"embeddable":true,"href":"https:\/\/eomanga.id.vn\/index.php\/wp-json\/wp\/v2\/comments?post=614"}],"wp:featuredmedia":[{"embeddable":true,"href":"https:\/\/eomanga.id.vn\/index.php\/wp-json\/wp\/v2\/media\/617"}],"wp:attachment":[{"href":"https:\/\/eomanga.id.vn\/index.php\/wp-json\/wp\/v2\/media?parent=614"}],"wp:term":[{"taxonomy":"product_brand","embeddable":true,"href":"https:\/\/eomanga.id.vn\/index.php\/wp-json\/wp\/v2\/product_brand?post=614"},{"taxonomy":"product_cat","embeddable":true,"href":"https:\/\/eomanga.id.vn\/index.php\/wp-json\/wp\/v2\/product_cat?post=614"},{"taxonomy":"product_tag","embeddable":true,"href":"https:\/\/eomanga.id.vn\/index.php\/wp-json\/wp\/v2\/product_tag?post=614"}],"curies":[{"name":"wp","href":"https:\/\/api.w.org\/{rel}","templated":true}]}}