{"id":622,"date":"2025-05-24T13:21:54","date_gmt":"2025-05-24T06:21:54","guid":{"rendered":"http:\/\/eomanga.id.vn\/?post_type=product&#038;p=622"},"modified":"2025-05-24T13:39:26","modified_gmt":"2025-05-24T06:39:26","slug":"izuku-midoriya-deku-masterlise-figure","status":"publish","type":"product","link":"https:\/\/eomanga.id.vn\/index.php\/san-pham\/izuku-midoriya-deku-masterlise-figure\/","title":{"rendered":"Izuku Midoriya-Deku-Masterlise FIGURE-Ichiban Kuji-My Hero Academia-M\u00f4 h\u00ecnh ch\u00ednh h\u00e3ng"},"content":{"rendered":"<p>TH\u00d4NG TIN S\u1ea2N PH\u1ea8M<br \/>\nNh\u00e2n v\u1eadt: Izuku Midoriya-Deku<br \/>\nTh\u01b0\u01a1ng hi\u1ec7u : Masterlise FIGURE- Ichiban Kuji<br \/>\nCh\u1ea5t li\u1ec7u : PVC, ABS<br \/>\nChi\u1ec1u cao: 230mm<\/p>\n","protected":false},"excerpt":{"rendered":"<p>TH\u00d4NG TIN S\u1ea2N PH\u1ea8M<br \/>\nNh\u00e2n v\u1eadt: Izuku Midoriya-Deku<br \/>\nTh\u01b0\u01a1ng hi\u1ec7u : Masterlise FIGURE- Ichiban Kuji<br \/>\nCh\u1ea5t li\u1ec7u : PVC, ABS<br \/>\nChi\u1ec1u cao: 230mm<\/p>\n","protected":false},"featured_media":623,"comment_status":"open","ping_status":"closed","template":"","meta":[],"product_brand":[79],"product_cat":[27,78,37,77],"product_tag":[42,48,80,43,83,81,84,46,82],"class_list":{"0":"post-622","1":"product","2":"type-product","3":"status-publish","4":"has-post-thumbnail","6":"product_brand-ichiban-kuji","7":"product_cat-anime","8":"product_cat-deku","9":"product_cat-figure-nhat-ban","10":"product_cat-my-hero-academia","11":"product_tag-bandai","12":"product_tag-chinh-hang","13":"product_tag-deku","14":"product_tag-figure","15":"product_tag-ichiban-kuji","16":"product_tag-izuku-midoriya","17":"product_tag-masterlise","18":"product_tag-mo-hinh","19":"product_tag-my-hero-academia","21":"first","22":"instock","23":"shipping-taxable","24":"purchasable","25":"product-type-simple"},"_links":{"self":[{"href":"https:\/\/eomanga.id.vn\/index.php\/wp-json\/wp\/v2\/product\/622","targetHints":{"allow":["GET"]}}],"collection":[{"href":"https:\/\/eomanga.id.vn\/index.php\/wp-json\/wp\/v2\/product"}],"about":[{"href":"https:\/\/eomanga.id.vn\/index.php\/wp-json\/wp\/v2\/types\/product"}],"replies":[{"embeddable":true,"href":"https:\/\/eomanga.id.vn\/index.php\/wp-json\/wp\/v2\/comments?post=622"}],"wp:featuredmedia":[{"embeddable":true,"href":"https:\/\/eomanga.id.vn\/index.php\/wp-json\/wp\/v2\/media\/623"}],"wp:attachment":[{"href":"https:\/\/eomanga.id.vn\/index.php\/wp-json\/wp\/v2\/media?parent=622"}],"wp:term":[{"taxonomy":"product_brand","embeddable":true,"href":"https:\/\/eomanga.id.vn\/index.php\/wp-json\/wp\/v2\/product_brand?post=622"},{"taxonomy":"product_cat","embeddable":true,"href":"https:\/\/eomanga.id.vn\/index.php\/wp-json\/wp\/v2\/product_cat?post=622"},{"taxonomy":"product_tag","embeddable":true,"href":"https:\/\/eomanga.id.vn\/index.php\/wp-json\/wp\/v2\/product_tag?post=622"}],"curies":[{"name":"wp","href":"https:\/\/api.w.org\/{rel}","templated":true}]}}