{"id":635,"date":"2025-06-19T14:16:32","date_gmt":"2025-06-19T07:16:32","guid":{"rendered":"http:\/\/eomanga.id.vn\/?post_type=product&#038;p=635"},"modified":"2025-06-19T14:30:08","modified_gmt":"2025-06-19T07:30:08","slug":"uzumaki-naruto-figure-banpresto","status":"publish","type":"product","link":"https:\/\/eomanga.id.vn\/index.php\/san-pham\/uzumaki-naruto-figure-banpresto\/","title":{"rendered":"Uzumaki Naruto-Banpresto FIGURE-PANEL SPECTACLE-M\u00f4 h\u00ecnh ch\u00ednh h\u00e3ng"},"content":{"rendered":"<p>TH\u00d4NG TIN S\u1ea2N PH\u1ea8M<\/p>\n<p>Nh\u00e2n v\u1eadt: Uzumaki Naruto<\/p>\n<p>Manga: Naruto<\/p>\n<p>Th\u01b0\u01a1ng hi\u1ec7u : Banpresto<\/p>\n<p>Ch\u1ea5t li\u1ec7u : PVC, ABS<\/p>\n<p>Chi\u1ec1u cao: 180mm<\/p>\n<p>Ph\u1ee5 ki\u1ec7n \u0111i k\u00e8m: Panel spectacle h\u00ecnh c\u1eedu v\u0129<\/p>\n","protected":false},"excerpt":{"rendered":"<p>TH\u00d4NG TIN S\u1ea2N PH\u1ea8M<\/p>\n<p>Nh\u00e2n v\u1eadt: Uzumaki Naruto<\/p>\n<p>Manga: Naruto<\/p>\n<p>Th\u01b0\u01a1ng hi\u1ec7u : Banpresto<\/p>\n<p>Ch\u1ea5t li\u1ec7u : PVC, ABS<\/p>\n<p>Chi\u1ec1u cao: 180mm<\/p>\n<p>Ph\u1ee5 ki\u1ec7n \u0111i k\u00e8m: Panel spectacle h\u00ecnh c\u1eedu v\u0129<\/p>\n","protected":false},"featured_media":638,"comment_status":"open","ping_status":"closed","template":"","meta":[],"product_brand":[31,32],"product_cat":[27,37,85,86],"product_tag":[42,49,48,43,46,88,89],"class_list":{"0":"post-635","1":"product","2":"type-product","3":"status-publish","4":"has-post-thumbnail","6":"product_brand-bandai","7":"product_brand-banpresto","8":"product_cat-anime","9":"product_cat-figure-nhat-ban","10":"product_cat-naruto","11":"product_cat-uzumaki-naruto","12":"product_tag-bandai","13":"product_tag-banpresto","14":"product_tag-chinh-hang","15":"product_tag-figure","16":"product_tag-mo-hinh","17":"product_tag-naruto","18":"product_tag-uzumaki-naruto","20":"first","21":"instock","22":"shipping-taxable","23":"purchasable","24":"product-type-simple"},"_links":{"self":[{"href":"https:\/\/eomanga.id.vn\/index.php\/wp-json\/wp\/v2\/product\/635","targetHints":{"allow":["GET"]}}],"collection":[{"href":"https:\/\/eomanga.id.vn\/index.php\/wp-json\/wp\/v2\/product"}],"about":[{"href":"https:\/\/eomanga.id.vn\/index.php\/wp-json\/wp\/v2\/types\/product"}],"replies":[{"embeddable":true,"href":"https:\/\/eomanga.id.vn\/index.php\/wp-json\/wp\/v2\/comments?post=635"}],"wp:featuredmedia":[{"embeddable":true,"href":"https:\/\/eomanga.id.vn\/index.php\/wp-json\/wp\/v2\/media\/638"}],"wp:attachment":[{"href":"https:\/\/eomanga.id.vn\/index.php\/wp-json\/wp\/v2\/media?parent=635"}],"wp:term":[{"taxonomy":"product_brand","embeddable":true,"href":"https:\/\/eomanga.id.vn\/index.php\/wp-json\/wp\/v2\/product_brand?post=635"},{"taxonomy":"product_cat","embeddable":true,"href":"https:\/\/eomanga.id.vn\/index.php\/wp-json\/wp\/v2\/product_cat?post=635"},{"taxonomy":"product_tag","embeddable":true,"href":"https:\/\/eomanga.id.vn\/index.php\/wp-json\/wp\/v2\/product_tag?post=635"}],"curies":[{"name":"wp","href":"https:\/\/api.w.org\/{rel}","templated":true}]}}