{"id":646,"date":"2025-06-19T15:05:56","date_gmt":"2025-06-19T08:05:56","guid":{"rendered":"http:\/\/eomanga.id.vn\/?post_type=product&#038;p=646"},"modified":"2025-06-19T15:19:58","modified_gmt":"2025-06-19T08:19:58","slug":"trafalgar-law-dxf","status":"publish","type":"product","link":"https:\/\/eomanga.id.vn\/index.php\/san-pham\/trafalgar-law-dxf\/","title":{"rendered":"Trafalgar Law-DXF Figure The Grandline Series-Extra-Bandai-M\u00f4 h\u00ecnh ch\u00ednh h\u00e3ng-One Piece"},"content":{"rendered":"<p>TH\u00d4NG TIN S\u1ea2N PH\u1ea8M<\/p>\n<p>Nh\u00e2n v\u1eadt: Trafalgar Law<\/p>\n<p>Manga: One Piece<\/p>\n<p>Th\u01b0\u01a1ng hi\u1ec7u : DXF Figure<\/p>\n<p>Ch\u1ea5t li\u1ec7u : PVC, ABS<\/p>\n<p>Chi\u1ec1u cao: 180mm<\/p>\n","protected":false},"excerpt":{"rendered":"<p>TH\u00d4NG TIN S\u1ea2N PH\u1ea8M<\/p>\n<p>Nh\u00e2n v\u1eadt: Trafalgar Law<\/p>\n<p>Manga: One Piece<\/p>\n<p>Th\u01b0\u01a1ng hi\u1ec7u : DXF Figure<\/p>\n<p>Ch\u1ea5t li\u1ec7u : PVC, ABS<\/p>\n<p>Chi\u1ec1u cao: 180mm<\/p>\n","protected":false},"featured_media":652,"comment_status":"open","ping_status":"closed","template":"","meta":[],"product_brand":[31,106],"product_cat":[27,37,91,95],"product_tag":[42,49,48,107,43,46,93,96],"class_list":{"0":"post-646","1":"product","2":"type-product","3":"status-publish","4":"has-post-thumbnail","6":"product_brand-bandai","7":"product_brand-dxf","8":"product_cat-anime","9":"product_cat-figure-nhat-ban","10":"product_cat-one-piece","11":"product_cat-trafalgar-law","12":"product_tag-bandai","13":"product_tag-banpresto","14":"product_tag-chinh-hang","15":"product_tag-dxf","16":"product_tag-figure","17":"product_tag-mo-hinh","18":"product_tag-one-piece","19":"product_tag-trafalgar-law","21":"first","22":"instock","23":"shipping-taxable","24":"purchasable","25":"product-type-simple"},"_links":{"self":[{"href":"https:\/\/eomanga.id.vn\/index.php\/wp-json\/wp\/v2\/product\/646","targetHints":{"allow":["GET"]}}],"collection":[{"href":"https:\/\/eomanga.id.vn\/index.php\/wp-json\/wp\/v2\/product"}],"about":[{"href":"https:\/\/eomanga.id.vn\/index.php\/wp-json\/wp\/v2\/types\/product"}],"replies":[{"embeddable":true,"href":"https:\/\/eomanga.id.vn\/index.php\/wp-json\/wp\/v2\/comments?post=646"}],"wp:featuredmedia":[{"embeddable":true,"href":"https:\/\/eomanga.id.vn\/index.php\/wp-json\/wp\/v2\/media\/652"}],"wp:attachment":[{"href":"https:\/\/eomanga.id.vn\/index.php\/wp-json\/wp\/v2\/media?parent=646"}],"wp:term":[{"taxonomy":"product_brand","embeddable":true,"href":"https:\/\/eomanga.id.vn\/index.php\/wp-json\/wp\/v2\/product_brand?post=646"},{"taxonomy":"product_cat","embeddable":true,"href":"https:\/\/eomanga.id.vn\/index.php\/wp-json\/wp\/v2\/product_cat?post=646"},{"taxonomy":"product_tag","embeddable":true,"href":"https:\/\/eomanga.id.vn\/index.php\/wp-json\/wp\/v2\/product_tag?post=646"}],"curies":[{"name":"wp","href":"https:\/\/api.w.org\/{rel}","templated":true}]}}