{"id":655,"date":"2025-06-19T15:50:04","date_gmt":"2025-06-19T08:50:04","guid":{"rendered":"http:\/\/eomanga.id.vn\/?post_type=product&#038;p=655"},"modified":"2025-08-23T09:11:40","modified_gmt":"2025-08-23T02:11:40","slug":"yasopp-film-red","status":"publish","type":"product","link":"https:\/\/eomanga.id.vn\/index.php\/san-pham\/yasopp-film-red\/","title":{"rendered":"Yasopp-Film Red-Banpresto-Bandai-M\u00f4 h\u00ecnh ch\u00ednh h\u00e3ng-One Piece"},"content":{"rendered":"<p>TH\u00d4NG TIN S\u1ea2N PH\u1ea8M<\/p>\n<p>Nh\u00e2n v\u1eadt: Yasopp<\/p>\n<p>Manga: One Piece<\/p>\n<p>Th\u01b0\u01a1ng hi\u1ec7u : Banpresto<\/p>\n<p>Ch\u1ea5t li\u1ec7u : PVC, ABS<\/p>\n<p>Chi\u1ec1u cao: 180mm<\/p>\n","protected":false},"excerpt":{"rendered":"<p>TH\u00d4NG TIN S\u1ea2N PH\u1ea8M<\/p>\n<p>Nh\u00e2n v\u1eadt: Yasopp<\/p>\n<p>Manga: One Piece<\/p>\n<p>Th\u01b0\u01a1ng hi\u1ec7u : Banpresto<\/p>\n<p>Ch\u1ea5t li\u1ec7u : PVC, ABS<\/p>\n<p>Chi\u1ec1u cao: 180mm<\/p>\n","protected":false},"featured_media":656,"comment_status":"open","ping_status":"closed","template":"","meta":[],"product_brand":[31,32],"product_cat":[27,37,91,97],"product_tag":[42,49,48,43,46,93,98],"class_list":{"0":"post-655","1":"product","2":"type-product","3":"status-publish","4":"has-post-thumbnail","6":"product_brand-bandai","7":"product_brand-banpresto","8":"product_cat-anime","9":"product_cat-figure-nhat-ban","10":"product_cat-one-piece","11":"product_cat-yasopp","12":"product_tag-bandai","13":"product_tag-banpresto","14":"product_tag-chinh-hang","15":"product_tag-figure","16":"product_tag-mo-hinh","17":"product_tag-one-piece","18":"product_tag-yasopp","20":"first","21":"instock","22":"shipping-taxable","23":"purchasable","24":"product-type-simple"},"_links":{"self":[{"href":"https:\/\/eomanga.id.vn\/index.php\/wp-json\/wp\/v2\/product\/655","targetHints":{"allow":["GET"]}}],"collection":[{"href":"https:\/\/eomanga.id.vn\/index.php\/wp-json\/wp\/v2\/product"}],"about":[{"href":"https:\/\/eomanga.id.vn\/index.php\/wp-json\/wp\/v2\/types\/product"}],"replies":[{"embeddable":true,"href":"https:\/\/eomanga.id.vn\/index.php\/wp-json\/wp\/v2\/comments?post=655"}],"wp:featuredmedia":[{"embeddable":true,"href":"https:\/\/eomanga.id.vn\/index.php\/wp-json\/wp\/v2\/media\/656"}],"wp:attachment":[{"href":"https:\/\/eomanga.id.vn\/index.php\/wp-json\/wp\/v2\/media?parent=655"}],"wp:term":[{"taxonomy":"product_brand","embeddable":true,"href":"https:\/\/eomanga.id.vn\/index.php\/wp-json\/wp\/v2\/product_brand?post=655"},{"taxonomy":"product_cat","embeddable":true,"href":"https:\/\/eomanga.id.vn\/index.php\/wp-json\/wp\/v2\/product_cat?post=655"},{"taxonomy":"product_tag","embeddable":true,"href":"https:\/\/eomanga.id.vn\/index.php\/wp-json\/wp\/v2\/product_tag?post=655"}],"curies":[{"name":"wp","href":"https:\/\/api.w.org\/{rel}","templated":true}]}}