{"id":663,"date":"2025-08-23T09:12:19","date_gmt":"2025-08-23T02:12:19","guid":{"rendered":"http:\/\/eomanga.id.vn\/?post_type=product&#038;p=663"},"modified":"2025-08-23T09:33:05","modified_gmt":"2025-08-23T02:33:05","slug":"kurumi-date-a-live-taito","status":"publish","type":"product","link":"https:\/\/eomanga.id.vn\/index.php\/san-pham\/kurumi-date-a-live-taito\/","title":{"rendered":"Kurumi-Date A Live-Taito-M\u00f4 h\u00ecnh ch\u00ednh h\u00e3ng"},"content":{"rendered":"<p>TH\u00d4NG TIN S\u1ea2N PH\u1ea8M<\/p>\n<p>Nh\u00e2n v\u1eadt: Kurumi<\/p>\n<p>Manga: Date A Live<\/p>\n<p>Th\u01b0\u01a1ng hi\u1ec7u : Taito<\/p>\n<p>Ch\u1ea5t li\u1ec7u : PVC, ABS<\/p>\n<p>Chi\u1ec1u cao: 180mm<\/p>\n","protected":false},"excerpt":{"rendered":"<p>TH\u00d4NG TIN S\u1ea2N PH\u1ea8M<\/p>\n<p>Nh\u00e2n v\u1eadt: Kurumi<\/p>\n<p>Manga: Date A Live<\/p>\n<p>Th\u01b0\u01a1ng hi\u1ec7u : Taito<\/p>\n<p>Ch\u1ea5t li\u1ec7u : PVC, ABS<\/p>\n<p>Chi\u1ec1u cao: 180mm<\/p>\n","protected":false},"featured_media":667,"comment_status":"open","ping_status":"closed","template":"","meta":[],"product_brand":[110],"product_cat":[27,109,37,108,24],"product_tag":[48,113,43,112,46,111],"class_list":{"0":"post-663","1":"product","2":"type-product","3":"status-publish","4":"has-post-thumbnail","6":"product_brand-taito","7":"product_cat-anime","8":"product_cat-date-a-live","9":"product_cat-figure-nhat-ban","10":"product_cat-kurumi","11":"product_cat-nhan-vat","12":"product_tag-chinh-hang","13":"product_tag-date-a-live","14":"product_tag-figure","15":"product_tag-kurumi","16":"product_tag-mo-hinh","17":"product_tag-taito","19":"first","20":"instock","21":"shipping-taxable","22":"purchasable","23":"product-type-simple"},"_links":{"self":[{"href":"https:\/\/eomanga.id.vn\/index.php\/wp-json\/wp\/v2\/product\/663","targetHints":{"allow":["GET"]}}],"collection":[{"href":"https:\/\/eomanga.id.vn\/index.php\/wp-json\/wp\/v2\/product"}],"about":[{"href":"https:\/\/eomanga.id.vn\/index.php\/wp-json\/wp\/v2\/types\/product"}],"replies":[{"embeddable":true,"href":"https:\/\/eomanga.id.vn\/index.php\/wp-json\/wp\/v2\/comments?post=663"}],"wp:featuredmedia":[{"embeddable":true,"href":"https:\/\/eomanga.id.vn\/index.php\/wp-json\/wp\/v2\/media\/667"}],"wp:attachment":[{"href":"https:\/\/eomanga.id.vn\/index.php\/wp-json\/wp\/v2\/media?parent=663"}],"wp:term":[{"taxonomy":"product_brand","embeddable":true,"href":"https:\/\/eomanga.id.vn\/index.php\/wp-json\/wp\/v2\/product_brand?post=663"},{"taxonomy":"product_cat","embeddable":true,"href":"https:\/\/eomanga.id.vn\/index.php\/wp-json\/wp\/v2\/product_cat?post=663"},{"taxonomy":"product_tag","embeddable":true,"href":"https:\/\/eomanga.id.vn\/index.php\/wp-json\/wp\/v2\/product_tag?post=663"}],"curies":[{"name":"wp","href":"https:\/\/api.w.org\/{rel}","templated":true}]}}