{"id":72,"date":"2025-04-01T04:13:42","date_gmt":"2025-04-01T04:13:42","guid":{"rendered":"http:\/\/localhost\/eomanga\/index.php\/san-pham\/leather-clad-leisure-chair\/"},"modified":"2025-05-24T14:20:31","modified_gmt":"2025-05-24T07:20:31","slug":"gojo-koa","status":"publish","type":"product","link":"https:\/\/eomanga.id.vn\/index.php\/san-pham\/gojo-koa\/","title":{"rendered":"Figure Gojo Satoru- King Of Artist-M\u00f4 H\u00ecnh ch\u00ednh h\u00e3ng"},"content":{"rendered":"<ul>\n<li>M\u00f4 h\u00ecnh t\u0129nh, kh\u00f4ng c\u1eed \u0111\u1ed9ng \u0111\u01b0\u1ee3c<\/li>\n<li>K\u00edch th\u01b0\u1edbc\u00a0cao kho\u1ea3ng 22cm<\/li>\n<li>Ch\u1ea5t li\u1ec7u nh\u1ef1a cao c\u1ea5p<\/li>\n<li>M\u00f4 h\u00ecnh ch\u00ednh h\u00e3ng c\u1ee7a Banpresto &#8211; Bandai<\/li>\n<li>S\u1ea3n ph\u1ea9m th\u1ef1c t\u1ebf c\u00f3 th\u1ec3 h\u01a1i kh\u00e1c trong h\u00ecnh<\/li>\n<\/ul>\n","protected":false},"excerpt":{"rendered":"<p>Thi\u1ebft k\u1ebf \u0111\u1eb9p, m\u00e0u s\u1eafc m\u01b0\u1ee3t m\u00e0 c\u00f9ng t\u01b0 th\u1ebf v\u00f4 c\u00f9ng t\u1ef1 nhi\u00ean, ch\u00e2n th\u1eadt.<\/p>\n<p>Nh\u00e2n v\u1eadt s\u1ed1ng \u0111\u1ed9ng nh\u01b0 b\u01b0\u1edbc ra t\u1eeb anime Ch\u00fa Thu\u1eadt H\u1ed3i Chi\u1ebfn ch\u1eafc ch\u1eafn s\u1ebd khi\u1ebfn c\u00e1c fan th\u00edch th\u00fa v\u00e0 mu\u1ed1n c\u00f3 trong b\u1ed9 s\u01b0u t\u1eadp c\u1ee7a m\u00ecnh.<\/p>\n","protected":false},"featured_media":558,"comment_status":"open","ping_status":"closed","template":"","meta":[],"product_brand":[31,32,33],"product_cat":[27,37,25,28,24],"product_tag":[42,49,48,43,34,35,36,47,46],"class_list":{"0":"post-72","1":"product","2":"type-product","3":"status-publish","4":"has-post-thumbnail","6":"product_brand-bandai","7":"product_brand-banpresto","8":"product_brand-king-of-artist","9":"product_cat-anime","10":"product_cat-figure-nhat-ban","11":"product_cat-gojo-satoru","12":"product_cat-jujutsu-kaisen-anime","13":"product_cat-nhan-vat","14":"product_tag-bandai","15":"product_tag-banpresto","16":"product_tag-chinh-hang","17":"product_tag-figure","18":"product_tag-gojo","19":"product_tag-jujustsu-kaisen","20":"product_tag-king-of-artist","21":"product_tag-manga","22":"product_tag-mo-hinh","24":"first","25":"instock","26":"shipping-taxable","27":"purchasable","28":"product-type-simple"},"_links":{"self":[{"href":"https:\/\/eomanga.id.vn\/index.php\/wp-json\/wp\/v2\/product\/72","targetHints":{"allow":["GET"]}}],"collection":[{"href":"https:\/\/eomanga.id.vn\/index.php\/wp-json\/wp\/v2\/product"}],"about":[{"href":"https:\/\/eomanga.id.vn\/index.php\/wp-json\/wp\/v2\/types\/product"}],"replies":[{"embeddable":true,"href":"https:\/\/eomanga.id.vn\/index.php\/wp-json\/wp\/v2\/comments?post=72"}],"wp:featuredmedia":[{"embeddable":true,"href":"https:\/\/eomanga.id.vn\/index.php\/wp-json\/wp\/v2\/media\/558"}],"wp:attachment":[{"href":"https:\/\/eomanga.id.vn\/index.php\/wp-json\/wp\/v2\/media?parent=72"}],"wp:term":[{"taxonomy":"product_brand","embeddable":true,"href":"https:\/\/eomanga.id.vn\/index.php\/wp-json\/wp\/v2\/product_brand?post=72"},{"taxonomy":"product_cat","embeddable":true,"href":"https:\/\/eomanga.id.vn\/index.php\/wp-json\/wp\/v2\/product_cat?post=72"},{"taxonomy":"product_tag","embeddable":true,"href":"https:\/\/eomanga.id.vn\/index.php\/wp-json\/wp\/v2\/product_tag?post=72"}],"curies":[{"name":"wp","href":"https:\/\/api.w.org\/{rel}","templated":true}]}}